{"id":142,"date":"2025-09-07T12:49:19","date_gmt":"2025-09-07T12:49:19","guid":{"rendered":"https:\/\/samahan-shop.ch\/?page_id=142"},"modified":"2025-09-08T12:11:31","modified_gmt":"2025-09-08T12:11:31","slug":"swastha-thriphala","status":"publish","type":"page","link":"https:\/\/samahan-shop.ch\/fr\/swastha-thriphala\/","title":{"rendered":"Swastha Thriphala"},"content":{"rendered":"\t\t<div data-elementor-type=\"wp-page\" data-elementor-id=\"142\" class=\"elementor elementor-142\" data-elementor-post-type=\"page\">\n\t\t\t\t<div class=\"elementor-element elementor-element-6c40074d e-flex e-con-boxed e-con e-parent\" data-id=\"6c40074d\" data-element_type=\"container\" data-settings=\"{&quot;background_background&quot;:&quot;classic&quot;}\">\n\t\t\t\t\t<div class=\"e-con-inner\">\n\t\t<div class=\"elementor-element elementor-element-23718f95 e-con-full e-flex e-con e-child\" data-id=\"23718f95\" data-element_type=\"container\" data-settings=\"{&quot;background_background&quot;:&quot;classic&quot;}\">\n\t\t<div class=\"elementor-element elementor-element-3bef069a e-con-full e-flex e-con e-child\" data-id=\"3bef069a\" data-element_type=\"container\" data-settings=\"{&quot;background_background&quot;:&quot;classic&quot;}\">\n\t\t\t\t<div class=\"elementor-element elementor-element-47825aae elementor-widget elementor-widget-heading\" data-id=\"47825aae\" data-element_type=\"widget\" data-widget_type=\"heading.default\">\n\t\t\t\t\t<h1 class=\"elementor-heading-title elementor-size-default\">Le TRIPHALA est un l\u00e9gendaire d\u00e9toxiquant intestinal ayurv\u00e9dique.<\/h1>\t\t\t\t<\/div>\n\t\t\t\t<div class=\"elementor-element elementor-element-2d565050 elementor-widget elementor-widget-text-editor\" data-id=\"2d565050\" data-element_type=\"widget\" data-widget_type=\"text-editor.default\">\n\t\t\t\t\t\t\t\t\t<p>Cette formulation contient les trois fruits, Aralu (Terminalia chebula Retz.), Bulu (Terminalia bellirica (Gaertn) Roxb.) et Nelli (Phyllanthus emblica Linn.) dont les propri\u00e9t\u00e9s astringentes tonifient en douceur le c\u00f4lon et r\u00e9gulent le transit intestinal.<\/p>\t\t\t\t\t\t\t\t<\/div>\n\t\t\t\t<div class=\"elementor-element elementor-element-366fe245 elementor-widget elementor-widget-text-editor\" data-id=\"366fe245\" data-element_type=\"widget\" data-widget_type=\"text-editor.default\">\n\t\t\t\t\t\t\t\t\t<p>A terme, il permet d\u2019accro\u00eetre la densit\u00e9 d\u2019h\u00e9moglobine et d\u2019aider \u00e0 \u00e9liminer les graisses en exc\u00e9dent. En fait, le Triphala aide \u00e0 cr\u00e9er un environnement biochimique favorable dans l\u2019intestin, puis dans l\u2019ensemble de l\u2019organisme, en soutenant les m\u00e9canismes naturels de d\u00e9toxication<\/p><p>A long terme il \u00e9limine le poids superflu, contr\u00f4le le niveau de la graisse et du sucre. Rajeunissant puissant, antioxydant naturel,\u00a0 contient de la vitamine C, acide linol\u00e9ique<\/p><p>Le Triphala est consid\u00e9r\u00e9 comme une sorte de panac\u00e9e universelle<\/p><p><em>Un proverbe populaire en Inde dit : <\/em><\/p><p><em>\u00a0\u00bb Pas de maman ? Pas d&rsquo;inqui\u00e9tude tant que tu as du Triphala. \u00ab\u00a0<\/em><\/p>\t\t\t\t\t\t\t\t<\/div>\n\t\t\t\t<div class=\"elementor-element elementor-element-6372384a elementor-widget elementor-widget-heading\" data-id=\"6372384a\" data-element_type=\"widget\" data-widget_type=\"heading.default\">\n\t\t\t\t\t<h3 class=\"elementor-heading-title elementor-size-default\">Propri\u00e9t\u00e9s \n<\/h3>\t\t\t\t<\/div>\n\t\t\t\t<div class=\"elementor-element elementor-element-1786255b elementor-widget elementor-widget-text-editor\" data-id=\"1786255b\" data-element_type=\"widget\" data-widget_type=\"text-editor.default\">\n\t\t\t\t\t\t\t\t\t<ul><li>Tridochique<\/li><li>Rajeunit tous les tissus<\/li><li>Nettoie tous les syst\u00e8mes<\/li><li>Renforce l\u2019\u00e9nergie<\/li><li>Purifie les intestins<\/li><\/ul>\t\t\t\t\t\t\t\t<\/div>\n\t\t\t\t<div class=\"elementor-element elementor-element-3bfc9669 elementor-widget elementor-widget-heading\" data-id=\"3bfc9669\" data-element_type=\"widget\" data-widget_type=\"heading.default\">\n\t\t\t\t\t<h3 class=\"elementor-heading-title elementor-size-default\">Indications<\/h3>\t\t\t\t<\/div>\n\t\t\t\t<div class=\"elementor-element elementor-element-527b983f elementor-widget elementor-widget-text-editor\" data-id=\"527b983f\" data-element_type=\"widget\" data-widget_type=\"text-editor.default\">\n\t\t\t\t\t\t\t\t\t<p>Constipation \u2013 Indigestion \u2013 Flatulence \u2013 Hyperacidit\u00e9 &#8211; Irritation gastrique &#8211; Manque d\u2019enthousiasme \u2013 Fatigue &#8211; Syst\u00e8me immunitaire &#8211; Stress<\/p>\t\t\t\t\t\t\t\t<\/div>\n\t\t\t\t<div class=\"elementor-element elementor-element-230ca945 elementor-widget elementor-widget-heading\" data-id=\"230ca945\" data-element_type=\"widget\" data-widget_type=\"heading.default\">\n\t\t\t\t\t<h3 class=\"elementor-heading-title elementor-size-default\">Composition<\/h3>\t\t\t\t<\/div>\n\t\t\t\t<div class=\"elementor-element elementor-element-70aea862 elementor-widget elementor-widget-text-editor\" data-id=\"70aea862\" data-element_type=\"widget\" data-widget_type=\"text-editor.default\">\n\t\t\t\t\t\t\t\t\t<p>Chaque comprim\u00e9 contient 550 mg (\u00e9quivalent \u00e0 1g de Triphala)<\/p>\t\t\t\t\t\t\t\t<\/div>\n\t\t\t\t<div class=\"elementor-element elementor-element-30e6fbbb elementor-widget elementor-widget-heading\" data-id=\"30e6fbbb\" data-element_type=\"widget\" data-widget_type=\"heading.default\">\n\t\t\t\t\t<h3 class=\"elementor-heading-title elementor-size-default\">Posologie<\/h3>\t\t\t\t<\/div>\n\t\t\t\t<div class=\"elementor-element elementor-element-7bc9325 elementor-widget elementor-widget-text-editor\" data-id=\"7bc9325\" data-element_type=\"widget\" data-widget_type=\"text-editor.default\">\n\t\t\t\t\t\t\t\t\t<p>Comme d\u00e9toxiquant, prendre deux comprim\u00e9s deux fois par jour avant ou hors repas<\/p><p>Pour un usage de maintien de bonne sant\u00e9, prendre un cp, une \u00e0 deux par jour<\/p><p><span style=\"color: #a90606;\"><strong>Certifi\u00e9 ISO 9001, ISO 14001 et HACCP<\/strong><\/span><\/p>\t\t\t\t\t\t\t\t<\/div>\n\t\t\t\t<\/div>\n\t\t\t\t<\/div>\n\t\t\t\t\t<\/div>\n\t\t\t\t<\/div>\n\t\t\t\t<\/div>\n\t\t","protected":false},"excerpt":{"rendered":"<p>Le TRIPHALA est un l\u00e9gendaire d\u00e9toxiquant intestinal ayurv\u00e9dique. Cette formulation contient les trois fruits, Aralu (Terminalia chebula Retz.), Bulu (Terminalia bellirica (Gaertn) Roxb.) et Nelli (Phyllanthus emblica Linn.) dont les propri\u00e9t\u00e9s astringentes tonifient en douceur le c\u00f4lon et r\u00e9gulent le transit intestinal. A terme, il permet d\u2019accro\u00eetre la densit\u00e9 d\u2019h\u00e9moglobine et d\u2019aider \u00e0 \u00e9liminer les [&hellip;]<\/p>\n","protected":false},"author":1,"featured_media":0,"parent":0,"menu_order":0,"comment_status":"closed","ping_status":"closed","template":"","meta":{"footnotes":""},"class_list":["post-142","page","type-page","status-publish","hentry"],"jetpack_sharing_enabled":true,"_links":{"self":[{"href":"https:\/\/samahan-shop.ch\/fr\/wp-json\/wp\/v2\/pages\/142","targetHints":{"allow":["GET"]}}],"collection":[{"href":"https:\/\/samahan-shop.ch\/fr\/wp-json\/wp\/v2\/pages"}],"about":[{"href":"https:\/\/samahan-shop.ch\/fr\/wp-json\/wp\/v2\/types\/page"}],"author":[{"embeddable":true,"href":"https:\/\/samahan-shop.ch\/fr\/wp-json\/wp\/v2\/users\/1"}],"replies":[{"embeddable":true,"href":"https:\/\/samahan-shop.ch\/fr\/wp-json\/wp\/v2\/comments?post=142"}],"version-history":[{"count":7,"href":"https:\/\/samahan-shop.ch\/fr\/wp-json\/wp\/v2\/pages\/142\/revisions"}],"predecessor-version":[{"id":328,"href":"https:\/\/samahan-shop.ch\/fr\/wp-json\/wp\/v2\/pages\/142\/revisions\/328"}],"wp:attachment":[{"href":"https:\/\/samahan-shop.ch\/fr\/wp-json\/wp\/v2\/media?parent=142"}],"curies":[{"name":"wp","href":"https:\/\/api.w.org\/{rel}","templated":true}]}}