{"id":162,"date":"2025-09-07T13:00:19","date_gmt":"2025-09-07T13:00:19","guid":{"rendered":"https:\/\/samahan-shop.ch\/?page_id=162"},"modified":"2025-09-07T13:00:29","modified_gmt":"2025-09-07T13:00:29","slug":"politique-de-confidentialite","status":"publish","type":"page","link":"https:\/\/samahan-shop.ch\/fr\/politique-de-confidentialite\/","title":{"rendered":"Politique de confidentialit\u00e9"},"content":{"rendered":"\t\t<div data-elementor-type=\"wp-page\" data-elementor-id=\"162\" class=\"elementor elementor-162\" data-elementor-post-type=\"page\">\n\t\t\t\t\t\t<section class=\"elementor-section elementor-top-section elementor-element elementor-element-7e0d792d elementor-section-boxed elementor-section-height-default elementor-section-height-default\" data-id=\"7e0d792d\" data-element_type=\"section\">\n\t\t\t\t\t\t<div class=\"elementor-container elementor-column-gap-default\">\n\t\t\t\t\t<div class=\"elementor-column elementor-col-100 elementor-top-column elementor-element elementor-element-499ce04a\" data-id=\"499ce04a\" data-element_type=\"column\">\n\t\t\t<div class=\"elementor-widget-wrap elementor-element-populated\">\n\t\t\t\t\t\t<div class=\"elementor-element elementor-element-42973440 elementor-widget elementor-widget-heading\" data-id=\"42973440\" data-element_type=\"widget\" data-widget_type=\"heading.default\">\n\t\t\t\t\t<h1 class=\"elementor-heading-title elementor-size-default\">Politique de confidentialit\u00e9<\/h1>\t\t\t\t<\/div>\n\t\t\t\t<div class=\"elementor-element elementor-element-7bf5d7f6 elementor-widget elementor-widget-text-editor\" data-id=\"7bf5d7f6\" data-element_type=\"widget\" data-widget_type=\"text-editor.default\">\n\t\t\t\t\t\t\t\t\t<h2><span style=\"color: #a90606;\">Qui sommes-nous\u00a0?<\/span><\/h2><p>L\u2019adresse de notre site Web est : https:\/\/samahan-shop.ch appartient \u00e0 la Soci\u00e9t\u00e9 Samahan<\/p><p>Utilisation des donn\u00e9es personnelles collect\u00e9es<\/p><h3><span style=\"color: #a90606;\">Commentaires<\/span><\/h3><p>Quand vous laissez un commentaire sur notre site web, les donn\u00e9es inscrites dans le formulaire de commentaire, mais aussi votre adresse IP et l\u2019agent utilisateur de votre navigateur sont collect\u00e9s pour nous aider \u00e0 la d\u00e9tection des commentaires ind\u00e9sirables.<br \/>Une cha\u00eene anonymis\u00e9e cr\u00e9\u00e9e \u00e0 partir de votre adresse de messagerie (\u00e9galement appel\u00e9e hash) peut \u00eatre envoy\u00e9e au service Gravatar pour v\u00e9rifier si vous utilisez ce dernier. Les clauses de confidentialit\u00e9 du service Gravatar sont disponibles ici : https:\/\/automattic.com\/privacy\/. Apr\u00e8s validation de votre commentaire, votre photo de profil sera visible publiquement \u00e0 cot\u00e9 de votre commentaire.<\/p><h3><span style=\"color: #a90606;\">Cookies<\/span><\/h3><p>Si vous avez un compte et que vous vous connectez sur ce site, un cookie temporaire sera cr\u00e9\u00e9 afin de d\u00e9terminer si votre navigateur accepte les cookies. Il ne contient pas de donn\u00e9es personnelles et sera supprim\u00e9 automatiquement \u00e0 la fermeture de votre navigateur.<\/p><p>Lorsque vous vous connecterez, nous mettrons en place un certain nombre de cookies pour enregistrer vos informations de connexion et vos pr\u00e9f\u00e9rences d\u2019\u00e9cran. La dur\u00e9e de vie d\u2019un cookie de connexion est de deux jours, celle d\u2019un cookie d\u2019option d\u2019\u00e9cran est d\u2019un an. Si vous cochez \u00ab\u00a0Se souvenir de moi\u00a0\u00bb, votre cookie de connexion sera conserv\u00e9 pendant deux semaines. Si vous vous d\u00e9connectez de votre compte, le cookie de connexion sera effac\u00e9.<\/p><h2><span style=\"color: #a90606;\">Utilisation et transmission de vos donn\u00e9es personnelles<\/span><\/h2><p>Vos donn\u00e9es personnelles sont utilis\u00e9es strictement\u00a0\u00a0dans le respect de la r\u00e9glementation, la jurisprudence,\u00a0 la l\u00e9gislation et les dispositions administratives ou judiciaires applicables \u00e0 la gestion commerciale applicable dans le vente de produits.<\/p><p>Vos donn\u00e9es ne sont jamais transmise.<\/p><h2><span style=\"color: #a90606;\">Dur\u00e9es de stockage de vos donn\u00e9es<\/span><\/h2><p>Pour les utilisateurs et utilisatrices qui s\u2019enregistrent sur notre site, nous stockons \u00e9galement les donn\u00e9es personnelles indiqu\u00e9es dans leur profil. Tous les utilisateurs et utilisatrices peuvent voir, modifier ou supprimer leurs informations personnelles \u00e0 tout moment (\u00e0 l\u2019exception de leur nom d\u2019utilisateur\u00b7ice). Les gestionnaires du site peuvent aussi voir et modifier ces informations.<\/p><p>Il est possible de faire une commande comme \u201cInvit\u00e9\u201d et ne pas enregistrer les informations personnelles. Nous ne le conseillons pas, car vous n\u2019avez pas le suivi de votre commande ni l\u2019historique.<\/p><h2><span style=\"color: #a90606;\">Les droits que vous avez sur vos donn\u00e9es<\/span><\/h2><p>Si vous avez un compte\u00a0 sur le site, vous pouvez demander \u00e0 recevoir un fichier contenant toutes les donn\u00e9es personnelles que nous poss\u00e9dons \u00e0 votre sujet, incluant celles que vous nous avez fournies. Vous pouvez \u00e9galement demander la suppression des donn\u00e9es personnelles vous concernant. Cela ne prend pas en compte les donn\u00e9es stock\u00e9es \u00e0 des fins administratives, l\u00e9gales ou pour des raisons de s\u00e9curit\u00e9.<\/p><h2><span style=\"color: #a90606;\">Transmission de vos donn\u00e9es personnelles<\/span><\/h2><p>Les commentaires des visiteurs peuvent \u00eatre v\u00e9rifi\u00e9s \u00e0 l\u2019aide d\u2019un service automatis\u00e9 de d\u00e9tection des commentaires ind\u00e9sirables.<\/p><h2><span style=\"color: #a90606;\">Informations de contact<\/span><\/h2><p>Les personnes dont les Donn\u00e9es Personnelles sont trait\u00e9es dans le cadre de la pr\u00e9sente D\u00e9claration ont le droit:<\/p><ul><li>d\u2019obtenir des renseignements pour savoir si et quelles Donn\u00e9es Personnelles ont \u00e9t\u00e9 m\u00e9moris\u00e9es\u00a0 (cat\u00e9gorie de donn\u00e9es, destinataires ou cat\u00e9gories de destinataires, dur\u00e9e de conservation des Donn\u00e9es Personnelles ou crit\u00e8res de fixation de cette dur\u00e9e);<\/li><li>d\u2019obtenir une copie des Donn\u00e9es Personnelles;<\/li><li>d\u2019obtenir la rectification des Donn\u00e9es Personnelles erron\u00e9es, le cas \u00e9ch\u00e9ant;<\/li><li>d\u2019obtenir la suppression des Donn\u00e9es Personnelles;<\/li><li>d\u2019imposer des restrictions au traitement des Donn\u00e9es Personnelles;<\/li><li>d\u2019obtenir les Donn\u00e9es Personnelles dans un format structur\u00e9, courant et exploitable par un ordinateur;<\/li><\/ul><p>Les droits pr\u00e9cit\u00e9s peuvent \u00eatre refus\u00e9s ou r\u00e9duits si les int\u00e9r\u00eats, les droits et les libert\u00e9s de tiers pr\u00e9valent ou que le traitement sert \u00e0 faire valoir, exercer ou d\u00e9fendre des droits l\u00e9gaux.<\/p><p>Les questions concernant le traitement des Donn\u00e9es Personnelles\u00a0 ou la suppression de ces donn\u00e9es doivent \u00eatre envoy\u00e9es\u00a0<strong>par lettre postale sign\u00e9e<\/strong>\u00a0\u00e0 cette adresse :<\/p><p>Samahan<br \/>Chemin du Verger 12<br \/>1800 Vevey<br \/>Suisse<\/p><h2><span style=\"color: #a90606;\">Informations suppl\u00e9mentaires<\/span><\/h2><h3><span style=\"color: #a90606;\">Comment nous prot\u00e9geons vos donn\u00e9es<\/span><\/h3><p>Nous disposons des moyens techniques et organisationnels pour garantir la s\u00e9curit\u00e9 de vos donn\u00e9es personnelles. Ainsi, nous sommes \u00e0 m\u00eame de prot\u00e9ger vos donn\u00e9es de sessions et donn\u00e9es personnelles contre les risques de traitement non autoris\u00e9 et ill\u00e9gitime de celles-ci et\/ou contre les risques de pertes, modifications, divulgations ou ouvertures d\u2019acc\u00e8s non intentionnelles. Vous devez toutefois avoir pleine conscience que la transmission d\u2019informations via Internet et autres vecteurs \u00e9lectroniques rec\u00e8le certains risques pour leur s\u00e9curit\u00e9 et que nous ne pouvons assumer aucune garantie en ce qui concerne la s\u00e9curit\u00e9 des informations transmises par ces canaux.<\/p><p>Notre site est certifi\u00e9 au niveau s\u00e9curit\u00e9 et int\u00e9grit\u00e9 par les soci\u00e9t\u00e9\u00a0 SecuPress.<\/p><p>Les donn\u00e9es bancaires ne sont pas enregistr\u00e9es dans nos bases de donn\u00e9es, elles sont disponible chez notre partenaire pour le traitement des cartes de cr\u00e9dit sur le site : Stripe Suisse.<\/p>\t\t\t\t\t\t\t\t<\/div>\n\t\t\t\t\t<\/div>\n\t\t<\/div>\n\t\t\t\t\t<\/div>\n\t\t<\/section>\n\t\t\t\t<\/div>\n\t\t","protected":false},"excerpt":{"rendered":"<p>Politique de confidentialit\u00e9 Qui sommes-nous\u00a0? L\u2019adresse de notre site Web est : https:\/\/samahan-shop.ch appartient \u00e0 la Soci\u00e9t\u00e9 Samahan Utilisation des donn\u00e9es personnelles collect\u00e9es Commentaires Quand vous laissez un commentaire sur notre site web, les donn\u00e9es inscrites dans le formulaire de commentaire, mais aussi votre adresse IP et l\u2019agent utilisateur de votre navigateur sont collect\u00e9s pour [&hellip;]<\/p>\n","protected":false},"author":1,"featured_media":0,"parent":0,"menu_order":0,"comment_status":"closed","ping_status":"closed","template":"","meta":{"footnotes":""},"class_list":["post-162","page","type-page","status-publish","hentry"],"jetpack_sharing_enabled":true,"_links":{"self":[{"href":"https:\/\/samahan-shop.ch\/fr\/wp-json\/wp\/v2\/pages\/162","targetHints":{"allow":["GET"]}}],"collection":[{"href":"https:\/\/samahan-shop.ch\/fr\/wp-json\/wp\/v2\/pages"}],"about":[{"href":"https:\/\/samahan-shop.ch\/fr\/wp-json\/wp\/v2\/types\/page"}],"author":[{"embeddable":true,"href":"https:\/\/samahan-shop.ch\/fr\/wp-json\/wp\/v2\/users\/1"}],"replies":[{"embeddable":true,"href":"https:\/\/samahan-shop.ch\/fr\/wp-json\/wp\/v2\/comments?post=162"}],"version-history":[{"count":4,"href":"https:\/\/samahan-shop.ch\/fr\/wp-json\/wp\/v2\/pages\/162\/revisions"}],"predecessor-version":[{"id":172,"href":"https:\/\/samahan-shop.ch\/fr\/wp-json\/wp\/v2\/pages\/162\/revisions\/172"}],"wp:attachment":[{"href":"https:\/\/samahan-shop.ch\/fr\/wp-json\/wp\/v2\/media?parent=162"}],"curies":[{"name":"wp","href":"https:\/\/api.w.org\/{rel}","templated":true}]}}