{"id":63,"date":"2025-09-06T15:57:17","date_gmt":"2025-09-06T15:57:17","guid":{"rendered":"https:\/\/samahan-shop.ch\/?post_type=product&#038;p=63"},"modified":"2025-09-15T12:41:17","modified_gmt":"2025-09-15T12:41:17","slug":"samahan-10-sachets","status":"publish","type":"product","link":"https:\/\/samahan-shop.ch\/fr\/produit\/samahan-10-sachets\/","title":{"rendered":"Samahan 10 sachets"},"content":{"rendered":"<p>Pr\u00e9paration concentr\u00e9e hydrosoluble compos\u00e9e de 14\u00a0 plantes m\u00e9dicinales utilis\u00e9es\u00a0 depuis plusieurs\u00a0 si\u00e8cles dans la m\u00e9decine ayurv\u00e9dique, connue sous la d\u00e9nomination \u00ab pevaya \u00bb.<\/p>\n<p><strong>Propri\u00e9t\u00e9s<\/strong><br \/>\nLes propri\u00e9t\u00e9s des plantes sont combin\u00e9es afin qu\u2019elles agissent efficacement comme synergistes, bio-enhancers et pr\u00e9servateurs naturels, stabilisant ainsi le produit. Samahan agit et soulage rapidement, combat tous les sympt\u00f4mes grippaux tels que toux , maux aux membres, rhume et catarrhe<br \/>\nSon effet pr\u00e9ventif renforce le syst\u00e8me immunitaire, gr\u00e2ce notamment, \u00e0 la combinaison immunostimulante des plantes<br \/>\nSon action est analg\u00e9sique, antipyr\u00e9tique, expectorante, anti-inflammatoire, anti bact\u00e9riologique et antiviral Sans effets secondaires<\/p>\n<p><strong>Indications<\/strong><br \/>\nRenforcement du syst\u00e8me immunitaire<br \/>\nGrippe, toux, rhume, influenza, catarrhe<\/p>\n<p><strong>Posologie<\/strong><br \/>\nDissoudre un sachet dans une tasse d\u2019eau chaude ou de boisson chaude, de pr\u00e9f\u00e9rence apr\u00e8s le petit-d\u00e9jeuner. 3 \u2013 5 sachets par jour en cas de grippe.<\/p>\n<p><strong>Certifi\u00e9 ISO 9001 et ISO 14001.<\/strong><\/p>\n","protected":false},"excerpt":{"rendered":"<p><strong>SAMAHAN<\/strong> est un rem\u00e8de ayurv\u00e9dique 100% naturel, sans additifs et pr\u00e9servateurs synth\u00e9tiques, sans effets secondaires.<\/p>\n","protected":false},"featured_media":514,"template":"","meta":[],"product_brand":[],"product_cat":[15],"product_tag":[],"class_list":{"0":"post-63","1":"product","2":"type-product","3":"status-publish","4":"has-post-thumbnail","6":"product_cat-non-classe","8":"first","9":"instock","10":"taxable","11":"shipping-taxable","12":"purchasable","13":"product-type-simple"},"jetpack_sharing_enabled":true,"_links":{"self":[{"href":"https:\/\/samahan-shop.ch\/fr\/wp-json\/wp\/v2\/product\/63","targetHints":{"allow":["GET"]}}],"collection":[{"href":"https:\/\/samahan-shop.ch\/fr\/wp-json\/wp\/v2\/product"}],"about":[{"href":"https:\/\/samahan-shop.ch\/fr\/wp-json\/wp\/v2\/types\/product"}],"version-history":[{"count":1,"href":"https:\/\/samahan-shop.ch\/fr\/wp-json\/wp\/v2\/product\/63\/revisions"}],"predecessor-version":[{"id":428,"href":"https:\/\/samahan-shop.ch\/fr\/wp-json\/wp\/v2\/product\/63\/revisions\/428"}],"wp:featuredmedia":[{"embeddable":true,"href":"https:\/\/samahan-shop.ch\/fr\/wp-json\/wp\/v2\/media\/514"}],"wp:attachment":[{"href":"https:\/\/samahan-shop.ch\/fr\/wp-json\/wp\/v2\/media?parent=63"}],"wp:term":[{"taxonomy":"product_brand","embeddable":true,"href":"https:\/\/samahan-shop.ch\/fr\/wp-json\/wp\/v2\/product_brand?post=63"},{"taxonomy":"product_cat","embeddable":true,"href":"https:\/\/samahan-shop.ch\/fr\/wp-json\/wp\/v2\/product_cat?post=63"},{"taxonomy":"product_tag","embeddable":true,"href":"https:\/\/samahan-shop.ch\/fr\/wp-json\/wp\/v2\/product_tag?post=63"}],"curies":[{"name":"wp","href":"https:\/\/api.w.org\/{rel}","templated":true}]}}