{"id":69,"date":"2025-09-06T16:07:45","date_gmt":"2025-09-06T16:07:45","guid":{"rendered":"https:\/\/samahan-shop.ch\/?post_type=product&#038;p=69"},"modified":"2025-09-15T08:25:27","modified_gmt":"2025-09-15T08:25:27","slug":"swastha-triphala","status":"publish","type":"product","link":"https:\/\/samahan-shop.ch\/fr\/produit\/swastha-triphala\/","title":{"rendered":"Swastha Triphala"},"content":{"rendered":"<div class=\"elementor-element elementor-element-e12639b elementor-widget elementor-widget-text-editor\" data-id=\"e12639b\" data-element_type=\"widget\" data-widget_type=\"text-editor.default\">\n<div class=\"elementor-widget-container\">\n<p>Cette formulation contient les trois fruits, Aralu (Terminalia chebula Retz.), Bulu (Terminalia bellirica (Gaertn) Roxb.) et Nelli (Phyllanthus emblica Linn.) dont les propri\u00e9t\u00e9s astringentes tonifient en douceur le c\u00f4lon et r\u00e9gulent le transit intestinal.<\/p>\n<\/div>\n<\/div>\n<div class=\"elementor-element elementor-element-b1abe5d elementor-widget elementor-widget-text-editor\" data-id=\"b1abe5d\" data-element_type=\"widget\" data-widget_type=\"text-editor.default\">\n<div class=\"elementor-widget-container\">\n<p>A terme, il permet d\u2019accro\u00eetre la densit\u00e9 d\u2019h\u00e9moglobine et d\u2019aider \u00e0 \u00e9liminer les graisses en exc\u00e9dent. En fait, le Triphala aide \u00e0 cr\u00e9er un environnement biochimique favorable dans l\u2019intestin, puis dans l\u2019ensemble de l\u2019organisme, en soutenant les m\u00e9canismes naturels de d\u00e9toxication<\/p>\n<p>A long terme il \u00e9limine le poids superflu, contr\u00f4le le niveau de la graisse et du sucre. Rajeunissant puissant, antioxydant naturel,\u00a0 contient de la vitamine C, acide linol\u00e9ique<\/p>\n<p>Le Triphala est consid\u00e9r\u00e9 comme une sorte de panac\u00e9e universelle<\/p>\n<p><em>Un proverbe populaire en Inde dit :<\/em><\/p>\n<p><em>\u00a0\u00bb Pas de maman ? Pas d\u2019inqui\u00e9tude tant que tu as du Triphala. \u00ab\u00a0<\/em><\/p>\n<\/div>\n<\/div>\n<div class=\"elementor-element elementor-element-6809709 elementor-widget elementor-widget-heading\" data-id=\"6809709\" data-element_type=\"widget\" data-widget_type=\"heading.default\">\n<div class=\"elementor-widget-container\">\n<h3 class=\"elementor-heading-title elementor-size-default\">Propri\u00e9t\u00e9s<\/h3>\n<\/div>\n<\/div>\n<div class=\"elementor-element elementor-element-7ca8282 elementor-widget elementor-widget-text-editor\" data-id=\"7ca8282\" data-element_type=\"widget\" data-widget_type=\"text-editor.default\">\n<div class=\"elementor-widget-container\">\n<ul>\n<li>Tridochique<\/li>\n<li>Rajeunit tous les tissus<\/li>\n<li>Nettoie tous les syst\u00e8mes<\/li>\n<li>Renforce l\u2019\u00e9nergie<\/li>\n<li>Purifie les intestins<\/li>\n<\/ul>\n<\/div>\n<\/div>\n<div class=\"elementor-element elementor-element-d0361a6 elementor-widget elementor-widget-heading\" data-id=\"d0361a6\" data-element_type=\"widget\" data-widget_type=\"heading.default\">\n<div class=\"elementor-widget-container\">\n<h3 class=\"elementor-heading-title elementor-size-default\">Indications<\/h3>\n<\/div>\n<\/div>\n<div class=\"elementor-element elementor-element-5a7262a elementor-widget elementor-widget-text-editor\" data-id=\"5a7262a\" data-element_type=\"widget\" data-widget_type=\"text-editor.default\">\n<div class=\"elementor-widget-container\">\n<p>Constipation \u2013 Indigestion \u2013 Flatulence \u2013 Hyperacidit\u00e9 \u2013 Irritation gastrique \u2013 Manque d\u2019enthousiasme \u2013 Fatigue \u2013 Syst\u00e8me immunitaire \u2013 Stress<\/p>\n<\/div>\n<\/div>\n<div class=\"elementor-element elementor-element-db2171c elementor-widget elementor-widget-heading\" data-id=\"db2171c\" data-element_type=\"widget\" data-widget_type=\"heading.default\">\n<div class=\"elementor-widget-container\">\n<h3 class=\"elementor-heading-title elementor-size-default\">Composition<\/h3>\n<\/div>\n<\/div>\n<div class=\"elementor-element elementor-element-69f38b1 elementor-widget elementor-widget-text-editor\" data-id=\"69f38b1\" data-element_type=\"widget\" data-widget_type=\"text-editor.default\">\n<div class=\"elementor-widget-container\">\n<p>Chaque comprim\u00e9 contient 550 mg (\u00e9quivalent \u00e0 1g de Triphala)<\/p>\n<\/div>\n<\/div>\n<div class=\"elementor-element elementor-element-ad11049 elementor-widget elementor-widget-heading\" data-id=\"ad11049\" data-element_type=\"widget\" data-widget_type=\"heading.default\">\n<div class=\"elementor-widget-container\">\n<h3 class=\"elementor-heading-title elementor-size-default\">Posologie<\/h3>\n<\/div>\n<\/div>\n<div class=\"elementor-element elementor-element-04f7d49 elementor-widget elementor-widget-text-editor\" data-id=\"04f7d49\" data-element_type=\"widget\" data-widget_type=\"text-editor.default\">\n<div class=\"elementor-widget-container\">\n<p>Comme d\u00e9toxiquant, prendre deux comprim\u00e9s deux fois par jour avant ou hors repas<\/p>\n<p>Pour un usage de maintien de bonne sant\u00e9, prendre un cp, une \u00e0 deux par jour<\/p>\n<p><strong>Certifi\u00e9 ISO 9001, ISO 14001 et HACCP<\/strong><\/p>\n<\/div>\n<\/div>\n","protected":false},"excerpt":{"rendered":"<p>Le Triphala est un l\u00e9gendaire d\u00e9toxiquant intestinal ayurv\u00e9dique<\/p>\n<p>Cette formulation contient les trois fruits, Aralu (Terminalia chebula Retz.), Bulu (Terminalia bellirica (Gaertn) Roxb.) et Nelli (Phyllanthus emblica Linn.) dont les propri\u00e9t\u00e9s astringentes tonifient en douceur le c\u00f4lon et r\u00e9gulent le transit intestinal.<\/p>\n<p><strong>120 comprim\u00e9s de 550 mg (\u00e9quivalent \u00e0 1g de Triphala)<\/strong><\/p>\n","protected":false},"featured_media":70,"template":"","meta":[],"product_brand":[],"product_cat":[15],"product_tag":[],"class_list":{"0":"post-69","1":"product","2":"type-product","3":"status-publish","4":"has-post-thumbnail","6":"product_cat-non-classe","8":"first","9":"instock","10":"taxable","11":"shipping-taxable","12":"purchasable","13":"product-type-simple"},"jetpack_sharing_enabled":true,"_links":{"self":[{"href":"https:\/\/samahan-shop.ch\/fr\/wp-json\/wp\/v2\/product\/69","targetHints":{"allow":["GET"]}}],"collection":[{"href":"https:\/\/samahan-shop.ch\/fr\/wp-json\/wp\/v2\/product"}],"about":[{"href":"https:\/\/samahan-shop.ch\/fr\/wp-json\/wp\/v2\/types\/product"}],"version-history":[{"count":1,"href":"https:\/\/samahan-shop.ch\/fr\/wp-json\/wp\/v2\/product\/69\/revisions"}],"predecessor-version":[{"id":433,"href":"https:\/\/samahan-shop.ch\/fr\/wp-json\/wp\/v2\/product\/69\/revisions\/433"}],"wp:featuredmedia":[{"embeddable":true,"href":"https:\/\/samahan-shop.ch\/fr\/wp-json\/wp\/v2\/media\/70"}],"wp:attachment":[{"href":"https:\/\/samahan-shop.ch\/fr\/wp-json\/wp\/v2\/media?parent=69"}],"wp:term":[{"taxonomy":"product_brand","embeddable":true,"href":"https:\/\/samahan-shop.ch\/fr\/wp-json\/wp\/v2\/product_brand?post=69"},{"taxonomy":"product_cat","embeddable":true,"href":"https:\/\/samahan-shop.ch\/fr\/wp-json\/wp\/v2\/product_cat?post=69"},{"taxonomy":"product_tag","embeddable":true,"href":"https:\/\/samahan-shop.ch\/fr\/wp-json\/wp\/v2\/product_tag?post=69"}],"curies":[{"name":"wp","href":"https:\/\/api.w.org\/{rel}","templated":true}]}}