{"id":71,"date":"2025-09-06T16:10:15","date_gmt":"2025-09-06T16:10:15","guid":{"rendered":"https:\/\/samahan-shop.ch\/?post_type=product&#038;p=71"},"modified":"2025-11-21T11:55:03","modified_gmt":"2025-11-21T10:55:03","slug":"samahan-baume","status":"publish","type":"product","link":"https:\/\/samahan-shop.ch\/fr\/produit\/samahan-baume\/","title":{"rendered":"Samahan baume"},"content":{"rendered":"<p>Baume aux herbes pour un soulagement rapide des maux, des douleurs et des refroidissements.<\/p>\n<p>Reconnu dans la m\u00e9decine ayurv\u00e9dique pour un \u00a0soulagement rapide, s\u00fbr et efficace par des herbes sp\u00e9cifiques. <strong>Samahan Baume<\/strong> est un baume unique \u00e0 base d\u2019herbes dans lequel l\u2019efficacit\u00e9 est bas\u00e9e sur les effets synergiques, longuement test\u00e9, combinaison unique de 15 ingr\u00e9dients \u00e0 base de plantes et huiles essentielles naturelles.<\/p>\n<p>Ceux-ci sont reconnus dans la m\u00e9decine traditionnelle pour fournir un soulagement rapide, s\u00fbr et efficace des maux, des douleurs et des refroidissements.<\/p>\n","protected":false},"excerpt":{"rendered":"<p><strong>SAMAHAN<\/strong> est un baume ayurv\u00e9dique 100% naturel, sans additifs et pr\u00e9servateurs synth\u00e9tiques, sans effets secondaires.<\/p>\n","protected":false},"featured_media":555,"template":"","meta":[],"product_brand":[],"product_cat":[15],"product_tag":[],"class_list":{"0":"post-71","1":"product","2":"type-product","3":"status-publish","4":"has-post-thumbnail","6":"product_cat-non-classe","8":"first","9":"instock","10":"taxable","11":"shipping-taxable","12":"purchasable","13":"product-type-simple"},"jetpack_sharing_enabled":true,"_links":{"self":[{"href":"https:\/\/samahan-shop.ch\/fr\/wp-json\/wp\/v2\/product\/71","targetHints":{"allow":["GET"]}}],"collection":[{"href":"https:\/\/samahan-shop.ch\/fr\/wp-json\/wp\/v2\/product"}],"about":[{"href":"https:\/\/samahan-shop.ch\/fr\/wp-json\/wp\/v2\/types\/product"}],"version-history":[{"count":2,"href":"https:\/\/samahan-shop.ch\/fr\/wp-json\/wp\/v2\/product\/71\/revisions"}],"predecessor-version":[{"id":424,"href":"https:\/\/samahan-shop.ch\/fr\/wp-json\/wp\/v2\/product\/71\/revisions\/424"}],"wp:featuredmedia":[{"embeddable":true,"href":"https:\/\/samahan-shop.ch\/fr\/wp-json\/wp\/v2\/media\/555"}],"wp:attachment":[{"href":"https:\/\/samahan-shop.ch\/fr\/wp-json\/wp\/v2\/media?parent=71"}],"wp:term":[{"taxonomy":"product_brand","embeddable":true,"href":"https:\/\/samahan-shop.ch\/fr\/wp-json\/wp\/v2\/product_brand?post=71"},{"taxonomy":"product_cat","embeddable":true,"href":"https:\/\/samahan-shop.ch\/fr\/wp-json\/wp\/v2\/product_cat?post=71"},{"taxonomy":"product_tag","embeddable":true,"href":"https:\/\/samahan-shop.ch\/fr\/wp-json\/wp\/v2\/product_tag?post=71"}],"curies":[{"name":"wp","href":"https:\/\/api.w.org\/{rel}","templated":true}]}}